{"id":8007,"date":"2021-11-22T12:55:39","date_gmt":"2021-11-22T17:55:39","guid":{"rendered":"https:\/\/joinpasidev.org\/?page_id=8007"},"modified":"2022-01-28T20:28:35","modified_gmt":"2022-01-29T01:28:35","slug":"directions","status":"publish","type":"page","link":"https:\/\/joinpasidev.org\/index.php\/directions\/","title":{"rendered":"Directions"},"content":{"rendered":"\t\t<div data-elementor-type=\"wp-page\" data-elementor-id=\"8007\" class=\"elementor elementor-8007\" data-elementor-post-type=\"page\">\n\t\t\t\t\t\t\t\t\t<section class=\"elementor-section elementor-top-section elementor-element elementor-element-7a440f0 elementor-section-boxed elementor-section-height-default elementor-section-height-default\" data-id=\"7a440f0\" data-element_type=\"section\">\n\t\t\t\t\t\t<div class=\"elementor-container elementor-column-gap-default\">\n\t\t\t\t\t<div class=\"elementor-column elementor-col-100 elementor-top-column elementor-element elementor-element-18f5009\" data-id=\"18f5009\" data-element_type=\"column\">\n\t\t\t<div class=\"elementor-widget-wrap elementor-element-populated\">\n\t\t\t\t\t\t\t\t<div class=\"elementor-element elementor-element-e648735 elementor-widget elementor-widget-spacer\" data-id=\"e648735\" data-element_type=\"widget\" data-widget_type=\"spacer.default\">\n\t\t\t\t<div class=\"elementor-widget-container\">\n\t\t\t\t\t<div class=\"elementor-spacer\">\n\t\t\t<div class=\"elementor-spacer-inner\"><\/div>\n\t\t<\/div>\n\t\t\t\t<\/div>\n\t\t\t\t<\/div>\n\t\t\t\t<div class=\"elementor-element elementor-element-e3316cb elementor-widget elementor-widget-heading\" data-id=\"e3316cb\" data-element_type=\"widget\" data-widget_type=\"heading.default\">\n\t\t\t\t<div class=\"elementor-widget-container\">\n\t\t\t<h2 class=\"elementor-heading-title elementor-size-default\"><span class=\"english\">If you want to <span style=\"color:#F50000\">JOIN PASI<\/span> <br\/>please <a href=\"javascript:void(0)\" id=\"joinpasilinkenglish\" style=\"color:#0956BE;text-decoration:underline\">CLICK&nbsp;&nbsp;HERE<\/a><\/span>\n<span class=\"polish\" style=\"display:none\">\nJe\u015bli chcesz <span style=\"color:#F50000\">WST\u0104PI\u0106 DO PASI<\/span> <br\/>prosz\u0119 <a href=\"javascript:void(0)\" id=\"joinpasilinkpolish\" style=\"color:#0956BE;text-decoration:underline\">KLIKN\u0104\u0106&nbsp;&nbsp;TUTAJ<\/a><\/span>\n<h4 class=\"english\">You will go to the bottom of the screen. You will join PASI by submitting a filled  form.<\/h4>\n<h4 class=\"polish\" style=\"display:none\">Przejdziesz na d\u00f3\u0142 ekranu. Wst\u0105pisz do PASI, wysy\u0142aj\u0105c wype\u0142niony formularz.<\/h4>\n<script>\n$(document).on('mouseout', \"#joinpasilinkenglish\", function() { \n$(\"#joinpasilinkenglish\").css(\"color\",\"#0956BE\");\n});\n\n$(document).on('mouseover', \"#joinpasilinkenglish\", function() { \n$(\"#joinpasilinkenglish\").css(\"color\",\"#55799D\");\n});\n\n$(document).on('click', \"#joinpasilinkenglish\", function () {\n    $(\"#gform_next_button_1_31\").click();\n});\n\n$(document).on('mouseout', \"#joinpasilinkpolish\", function() { \n$(\"#joinpasilinkpolish\").css(\"color\",\"#0956BE\");\n});\n\n$(document).on('mouseover', \"#joinpasilinkpolish\", function() { \n$(\"#joinpasilinkpolish\").css(\"color\",\"#55799D\");\n});\n\n$(document).on('click', \"#joinpasilinkpolish\", function () {\n    $(\"#gform_next_button_1_31\").click();\n});\n<\/script><\/h2>\t\t<\/div>\n\t\t\t\t<\/div>\n\t\t\t\t<div class=\"elementor-element elementor-element-49097b0 elementor-widget elementor-widget-spacer\" data-id=\"49097b0\" data-element_type=\"widget\" data-widget_type=\"spacer.default\">\n\t\t\t\t<div class=\"elementor-widget-container\">\n\t\t\t\t\t<div class=\"elementor-spacer\">\n\t\t\t<div class=\"elementor-spacer-inner\"><\/div>\n\t\t<\/div>\n\t\t\t\t<\/div>\n\t\t\t\t<\/div>\n\t\t\t\t<div class=\"elementor-element elementor-element-76b1889 elementor-widget elementor-widget-heading\" data-id=\"76b1889\" data-element_type=\"widget\" data-widget_type=\"heading.default\">\n\t\t\t\t<div class=\"elementor-widget-container\">\n\t\t\t<h2 class=\"elementor-heading-title elementor-size-default\"><span class=\"english\">If you want to <span style=\"color:#F50000\">RENEW MEMBERSHIP<\/span> and <br\/>please <a href=\"https:\/\/joinpasidev.org\/index.php\/renewcheck\/\" id=\"renewchecklinkenglish\" style=\"color:#0956BE;text-decoration:underline\">CLICK&nbsp;&nbsp;HERE<\/a><\/span><span class=\"polish\" style=\"display:none\">\nJe\u015bli chcesz <span style=\"color:#F50000\">ODNOWI\u0106 CZ\u0141ONKOSTWO<\/span> <br\/>prosz\u0119 <a href=\"https:\/\/joinpasidev.org\/index.php\/renewcheck?language=polish\" id=\"renewchecklinkpolish\" style=\"color:#0956BE;text-decoration:underline\">KLIKN\u0104\u0106&nbsp;&nbsp;TUTAJ<\/a><\/span><br\/>\n<h4 class=\"english\">You will be redirected the page where you enter first name, last name and email for verification.<\/h4>\n<h4 class=\"polish\" style=\"display:none\">Zostaniesz przekierowany na stron\u0119 gdzie wprowadzisz swoje imi\u0119, nazwisko w celu werifikacji.<\/h4>\n<script>\n$(document).on('mouseout', \"#renewchecklinkenglish\", function() { \n$(\"#renewchecklinkenglish\").css(\"color\",\"#0956BE\");\n});\n\n$(document).on('mouseover', \"#renewchecklinkenglish\", function() { \n$(\"#renewchecklinkenglish\").css(\"color\",\"#55799D\");\n});\n\n$(document).on('mouseout', \"#renewchecklinkpolish\", function() { \n$(\"#renewchecklinkpolish\").css(\"color\",\"#0956BE\");\n});\n\n$(document).on('mouseover', \"#renewchecklinkpolish\", function() { \n$(\"#renewchecklinkpolish\").css(\"color\",\"#55799D\");\n});\n<\/script><\/h2>\t\t<\/div>\n\t\t\t\t<\/div>\n\t\t\t\t<div class=\"elementor-element elementor-element-24ef76a elementor-widget elementor-widget-spacer\" data-id=\"24ef76a\" data-element_type=\"widget\" data-widget_type=\"spacer.default\">\n\t\t\t\t<div class=\"elementor-widget-container\">\n\t\t\t\t\t<div class=\"elementor-spacer\">\n\t\t\t<div class=\"elementor-spacer-inner\"><\/div>\n\t\t<\/div>\n\t\t\t\t<\/div>\n\t\t\t\t<\/div>\n\t\t\t\t<div class=\"elementor-element elementor-element-bf9395f elementor-widget elementor-widget-heading\" data-id=\"bf9395f\" data-element_type=\"widget\" data-widget_type=\"heading.default\">\n\t\t\t\t<div class=\"elementor-widget-container\">\n\t\t\t<h5 class=\"elementor-heading-title elementor-size-default\"><a class=\"english switchpolish\" href=\"javascript:void(0)\" style=\"text-decoration:underline\" >po polsku<\/a><a class=\"polish switchenglish\" href=\"javascript:void(0)\" style=\"text-decoration:underline; display:none\">english<\/a><\/h5>\t\t<\/div>\n\t\t\t\t<\/div>\n\t\t\t\t<div class=\"elementor-element elementor-element-53fe103 elementor-widget elementor-widget-spacer\" data-id=\"53fe103\" data-element_type=\"widget\" data-widget_type=\"spacer.default\">\n\t\t\t\t<div class=\"elementor-widget-container\">\n\t\t\t\t\t<div class=\"elementor-spacer\">\n\t\t\t<div class=\"elementor-spacer-inner\"><\/div>\n\t\t<\/div>\n\t\t\t\t<\/div>\n\t\t\t\t<\/div>\n\t\t\t\t<div class=\"elementor-element elementor-element-0e48a8f elementor-widget elementor-widget-heading\" data-id=\"0e48a8f\" data-element_type=\"widget\" data-widget_type=\"heading.default\">\n\t\t\t\t<div class=\"elementor-widget-container\">\n\t\t\t<h2 class=\"elementor-heading-title elementor-size-default\"><span class=\"english\">If you <span style=\"color:#F50000\">FORGOT YOUR PASSWORD<\/span> <br\/>for your JOINPASI account <br\/>please <a href=\"https:\/\/joinpasidev.org\/wp-login.php?action=lostpassword\" id=\"forgottenenglish\" style=\"color:#0956BE;text-decoration:underline\">CLICK&nbsp;&nbsp;HERE<\/a><\/span>\n<span class=\"polish\" style=\"display:none\">Je\u015bli <span style=\"color:#F50000\">ZAPOMNIA\u0141E\u015a SWOJE HAS\u0141O<\/span> <br\/>dla twojego konta JOINPASI <br\/>prosz\u0119 <a href=\"https:\/\/joinpasidev.org\/wp-login.php?action=lostpassword&language=polish\" id=\"forgottenpolish\" style=\"color:#0956BE;text-decoration:underline \">KLIKN\u0104\u0106&nbsp;&nbsp;TUTAJ<\/a><\/span>\n<h4 class=\"english\">You will go to the reset password page where an email will be sent to you with reset link.<\/h4>\n<h4 class=\"polish\" style=\"display:none\">Zostaniesz przekierowany na stron\u0119 resetowania hasla i zostanie wys\u0142any do Ciebie e-mail z linkiem do resetowania has\u0142a.<\/h4>\n\n<script>\n$(document).on('mouseout', \"#forgottenenglish\", function() { \n$(\"#forgottenenglish\").css(\"color\",\"#0956BE\");\n});\n\n$(document).on('mouseover', \"#forgottenenglish\", function() { \n$(\"#forgottenenglish\").css(\"color\",\"#55799D\");\n});\n\n$(document).on('mouseout', \"#forgottenpolish\", function() { \n$(\"#forgottenpolish\").css(\"color\",\"#0956BE\");\n});\n\n$(document).on('mouseover', \"#forgottenpolish\", function() { \n$(\"#forgottenpolish\").css(\"color\",\"#55799D\");\n});\n<\/script><\/h2>\t\t<\/div>\n\t\t\t\t<\/div>\n\t\t\t\t<div class=\"elementor-element elementor-element-fdd494b elementor-widget elementor-widget-spacer\" data-id=\"fdd494b\" data-element_type=\"widget\" data-widget_type=\"spacer.default\">\n\t\t\t\t<div class=\"elementor-widget-container\">\n\t\t\t\t\t<div class=\"elementor-spacer\">\n\t\t\t<div class=\"elementor-spacer-inner\"><\/div>\n\t\t<\/div>\n\t\t\t\t<\/div>\n\t\t\t\t<\/div>\n\t\t\t\t\t<\/div>\n\t\t<\/div>\n\t\t\t\t\t\t\t<\/div>\n\t\t<\/section>\n\t\t\t\t\t\t\t<\/div>\n\t\t","protected":false},"excerpt":{"rendered":"<p>If you want to JOIN PASI please CLICK&nbsp;&nbsp;HERE Je\u015bli chcesz WST\u0104PI\u0106 DO PASI prosz\u0119 KLIKN\u0104\u0106&nbsp;&nbsp;TUTAJ You will go to the bottom of the screen. You will join PASI by submitting a filled form. Przejdziesz na d\u00f3\u0142 ekranu. Wst\u0105pisz do PASI, wysy\u0142aj\u0105c wype\u0142niony formularz. If you want to RENEW MEMBERSHIP and please CLICK&nbsp;&nbsp;HERE Je\u015bli chcesz ODNOWI\u0106 &hellip;<\/p>\n<p class=\"read-more\"> <a class=\"\" href=\"https:\/\/joinpasidev.org\/index.php\/directions\/\"> <span class=\"screen-reader-text\">Directions<\/span> Read More \u00bb<\/a><\/p>\n","protected":false},"author":261,"featured_media":0,"parent":0,"menu_order":0,"comment_status":"closed","ping_status":"closed","template":"elementor_header_footer","meta":{"site-sidebar-layout":"no-sidebar","site-content-layout":"page-builder","ast-main-header-display":"","ast-hfb-above-header-display":"","ast-hfb-below-header-display":"","ast-hfb-mobile-header-display":"","site-post-title":"disabled","ast-breadcrumbs-content":"","ast-featured-img":"disabled","footer-sml-layout":"","theme-transparent-header-meta":"","adv-header-id-meta":"","stick-header-meta":"","header-above-stick-meta":"","header-main-stick-meta":"","header-below-stick-meta":"","footnotes":""},"_links":{"self":[{"href":"https:\/\/joinpasidev.org\/index.php\/wp-json\/wp\/v2\/pages\/8007"}],"collection":[{"href":"https:\/\/joinpasidev.org\/index.php\/wp-json\/wp\/v2\/pages"}],"about":[{"href":"https:\/\/joinpasidev.org\/index.php\/wp-json\/wp\/v2\/types\/page"}],"author":[{"embeddable":true,"href":"https:\/\/joinpasidev.org\/index.php\/wp-json\/wp\/v2\/users\/261"}],"replies":[{"embeddable":true,"href":"https:\/\/joinpasidev.org\/index.php\/wp-json\/wp\/v2\/comments?post=8007"}],"version-history":[{"count":0,"href":"https:\/\/joinpasidev.org\/index.php\/wp-json\/wp\/v2\/pages\/8007\/revisions"}],"wp:attachment":[{"href":"https:\/\/joinpasidev.org\/index.php\/wp-json\/wp\/v2\/media?parent=8007"}],"curies":[{"name":"wp","href":"https:\/\/api.w.org\/{rel}","templated":true}]}}