{"id":8765,"date":"2022-01-10T16:28:58","date_gmt":"2022-01-10T21:28:58","guid":{"rendered":"https:\/\/joinpasidev.org\/?page_id=8765"},"modified":"2023-08-23T15:41:44","modified_gmt":"2023-08-23T19:41:44","slug":"members","status":"publish","type":"page","link":"https:\/\/joinpasidev.org\/index.php\/members\/","title":{"rendered":"Members"},"content":{"rendered":"\t\t<div data-elementor-type=\"wp-page\" data-elementor-id=\"8765\" class=\"elementor elementor-8765\" data-elementor-post-type=\"page\">\n\t\t\t\t\t\t\t\t\t<section class=\"elementor-section elementor-top-section elementor-element elementor-element-f011393 elementor-section-boxed elementor-section-height-default elementor-section-height-default\" data-id=\"f011393\" data-element_type=\"section\">\n\t\t\t\t\t\t<div class=\"elementor-container elementor-column-gap-default\">\n\t\t\t\t\t<div class=\"elementor-column elementor-col-100 elementor-top-column elementor-element elementor-element-3b3cd47\" data-id=\"3b3cd47\" data-element_type=\"column\">\n\t\t\t<div class=\"elementor-widget-wrap elementor-element-populated\">\n\t\t\t\t\t\t\t\t<div class=\"elementor-element elementor-element-e0e6e64 elementor-widget elementor-widget-html\" data-id=\"e0e6e64\" data-element_type=\"widget\" data-widget_type=\"html.default\">\n\t\t\t\t<div class=\"elementor-widget-container\">\n\t\t\t<script>\n\n    var offjoin;\n\n    var wait_remove_active;\n\n    function joinoff() {\n        var navig = jQuery(\".menu-item-633\").eq(0);\n\n        navig = navig.children().eq(0);\n\n        navig.removeClass(\"elementor-item-active\");\n\n        navig.attr(\"id\", \"joinpasimenu\");\n\n        clearInterval(offjoin);\n    }\n\n    function remove_active() {\n        if (footer_clicked) {\n            if (!($(\"#joinpasimenu\").hasClass(\"elementor-item-active\"))) {\n                $(\"#joinpasimenu\").addClass(\"elementor-item-active\");\n\n                clearInterval(wait_remove_active);\n            }\n        }\n        else if ($(\"#joinpasimenu\").hasClass(\"elementor-item-active\")) {\n            $(\"#joinpasimenu\").removeClass(\"elementor-item-active\");\n        }\n    }\n\n    function changelanguage() {\n        var selectedlanguage = typeLanguage.language;\n\n        var language = location.search;\n\n        if (selectedlanguage == \"polish\") {\n            $(\".switchpolish\").click();\n        }\n        else if (language.indexOf(\"polish\") != -1) {\n            $(\".switchpolish\").click();\n        }\n        else if (language.indexOf(\"english\") != -1) {\n            $(\".switchenglish\").click();\n        }\n        else {\n            $(\".switchenglish\").click();\n        }\n    }\n\n    $(window).load(function () {\n\n        var current_roles = theUser.roles;\n\n        var current_user_id = theUser.username;\n\n        var current_user_email = theUser.email;\n\n        var selectedlanguage = typeLanguage.language;\n\n        \/\/alert(\"selectedlanguage = \" + selectedlanguage);\n\n        if (current_roles != \"administrator\" && current_roles == \"editor\") {\n            if (selectedlanguage == \"polish\") {\n                location.href = location.protocol + \"\/\/\" + location.hostname + \"\/index.php\/renewalpasi?language=polish\";\n            }\n            else if (selectedlanguage == \"english\") {\n                location.href = location.protocol + \"\/\/\" + location.hostname + \"\/index.php\/renewalpasi\";\n            }\n            else {\n                location.href = location.protocol + \"\/\/\" + location.hostname + \"\/index.php\/renewalpasi\";\n            }\n        }\n        else if ((current_roles != \"administrator\" && current_roles != \"editor\")\n            || current_user_id == \"Krystian Krenz PASI\"\n            || current_user_email == \"krystian.krenz@joinpasi.org\"\n            || current_user_email == \"k.krenz@me.com\") {\n            if (selectedlanguage == \"polish\") {\n                location.href = location.protocol + \"\/\/\" + location.hostname + \"\/?language=polish\";\n            }\n            else if (selectedlanguage == \"english\") {\n                location.href = location.protocol + \"\/\/\" + location.hostname;\n            }\n            else {\n                location.href = location.protocol + \"\/\/\" + location.hostname;\n            }\n        }\n        else {\n            connectToSql();\n        }\n\n        offjoin = setInterval(joinoff, 100);\n\n        wait_remove_active = setInterval(remove_active, 300);\n    });\n\n    function connectToSql() {\n        var is_mobile = isMobile.status;\n\n        $(\"#errorresult\").html(\"\");\n\n        $.ajax({\n            type: Call_Type,\n            url: Call_Path + 'SqlConnect.php',\n            data: { },\n            success: function (response) {\n                \/\/alert(response);\n\n                response = response.trim();\n\n                if (response.indexOf(\"Message: \") != -1) {\n                    response = response.replace(\"Message: \", \"\");\n                    $(\"#errorresult\").html(response);\n                }\n\n                else if (response.indexOf(\"conerror\") != -1) {\n                    response = response.replace(\"conerror \", \"\");\n                    $(\"#errorresult\").html(response);\n                }\n                else {\n                    $(\"body\").css(\"overflow-x\", \"visible\");\n\n                    var onScreen = \"<table><tbody>\";\n\n                    onScreen = onScreen + \"<tr>\";\n\n                    onScreen = onScreen + \"<td><b>\" + \"<span class='english'>ID<\/span><span class='polish' style='display:none'>ID<\/span>\" + \"<\/b><\/td>\";\n                    onScreen = onScreen + \"<td><b>\" + \"<span class='english'>LastName<\/span><span class='polish' style='display:none'>Nazwisko<\/span>\" + \"<\/b><\/td>\";\n                    onScreen = onScreen + \"<td><b>\" + \"<span class='english'>FirstName<\/span><span class='polish' style='display:none'>Imi\u0119<\/span>\" + \"<\/b><\/td>\";\n                    onScreen = onScreen + \"<td><b>\" + \"<span class='english'>Phone Number<\/span><span class='polish' style='display:none'>Telefon<\/span>\" + \"<\/b><\/td>\";\n                    onScreen = onScreen + \"<td><b>\" + \"<span class='english'>Email<\/span><span class='polish' style='display:none'>Poczta<\/span>\" + \"<\/b><\/td>\";\n                    onScreen = onScreen + \"<td><b>\" + \"<span class='english'>Referral<\/span><span class='polish' style='display:none'>Referuj\u0105cy<\/span>\" + \"<\/b><\/td>\";\n                    onScreen = onScreen + \"<td><b>\" + \"<span class='english'>Address<\/span><span class='polish' style='display:none'>Adres<\/span>\" + \"<\/b><\/td>\";\n                    onScreen = onScreen + \"<td><b>\" + \"<span class='english'>City<\/span><span class='polish' style='display:none'>Miasto<\/span>\" + \"<\/b><\/td>\";\n                    onScreen = onScreen + \"<td><b>\" + \"<span class='english'>State<\/span><span class='polish' style='display:none'>Stan<\/span>\" + \"<\/b><\/td>\";\n                    onScreen = onScreen + \"<td><b>\" + \"<span class='english'>Zip<\/span><span class='polish' style='display:none'>Kod<\/span>\" + \"<\/b><\/td>\";\n                    onScreen = onScreen + \"<td><b>\" + \"<span class='english'>District<\/span><span class='polish' style='display:none'>Dystrykt<\/span>\" + \"<\/b><\/td>\";\n                    onScreen = onScreen + \"<td><b>\" + \"<span class='english'>Citizenship<\/span><span class='polish' style='display:none'>Obywatelstwo<\/span>\" + \"<\/b><\/td>\";\n                    onScreen = onScreen + \"<td><b>\" + \"<span class='english'>DOB<\/span><span class='polish' style='display:none'>Rok<\/span>\" + \"<\/b><\/td>\";\n                    onScreen = onScreen + \"<td><b>\" + \"<span class='english'>Organization<\/span><span class='polish' style='display:none'>Organization<\/span>\" + \"<\/b><\/td>\";\n                    onScreen = onScreen + \"<td><b>\" + \"<span class='english'>Comment<\/span><span class='polish' style='display:none'>Uwagi<\/span>\" + \"<\/b><\/td>\";\n                    onScreen = onScreen + \"<td><b>\" + \"<span class='english'>Card Holder Name<\/span><span class='polish' style='display:none'>Nazwisko na Karcie<\/span>\" + \"<\/b><\/td>\";\n                    onScreen = onScreen + \"<td><b>\" + \"<span class='english'>Card Number<\/span><span class='polish' style='display:none'>Numer Karty<\/span>\" + \"<\/b><\/td>\";\n                    onScreen = onScreen + \"<td><b>\" + \"<span class='english'>Payment Type<\/span><span class='polish' style='display:none'>Rodzaj Wp\u0142aty<\/span>\" + \"<\/b><\/td>\";\n                    onScreen = onScreen + \"<td><b>\" + \"<span class='english'>Congressman<\/span><span class='polish' style='display:none'>Kongresmen<\/span>\" + \"<\/b><\/td>\";\n                    onScreen = onScreen + \"<td><b>\" + \"<span class='english'>Senator<\/span><span class='polish' style='display:none'>Senator<\/span>\" + \"<\/b><\/td>\";\n                    onScreen = onScreen + \"<td><b>\" + \"<span class='english'>Senator<\/span><span class='polish' style='display:none'>Senator<\/span>\" + \"<\/b><\/td>\";\n                    onScreen = onScreen + \"<td><b>\" + \"<span class='english'>UserName<\/span><span class='polish' style='display:none'>U\u017cytkownik<\/span>\" + \"<\/b><\/td>\";\n                    onScreen = onScreen + \"<td><b>\" + \"<span class='english'>Send Emails<\/span><span class='polish' style='display:none'>Wysy\u0142a\u0107 Poczt\u0119<\/span>\" + \"<\/b><\/td>\";\n\n                    onScreen = onScreen + \"<\/tr>\";\n\n                    while (response.trim() != \"\") {\n                        onScreen = onScreen + \"<tr>\";\n\n                        var element = response.substr(0, response.indexOf(\"+\"));\n                        onScreen = onScreen + \"<td>\" + element.trim() + \"<\/td>\";\n                        response = response.substr(response.indexOf(\"+\") + 1);\n\n                        element = response.substr(0, response.indexOf(\"+\"));\n                        onScreen = onScreen + \"<td>\" + element.trim() + \"<\/td>\";\n                        response = response.substr(response.indexOf(\"+\") + 1);\n\n                        element = response.substr(0, response.indexOf(\"+\"));\n                        onScreen = onScreen + \"<td>\" + element.trim() + \"<\/td>\";\n                        response = response.substr(response.indexOf(\"+\") + 1);\n\n                        element = response.substr(0, response.indexOf(\"+\"));\n                        if (is_mobile) {\n                            var hrefelement = element.replace(\"(\", \"-\");\n                            hrefelement = hrefelement.replace(\")\", \"-\");\n                            onScreen = onScreen + \"<td>\" + \"<a  href='tel:+1\" + hrefelement.trim() + \"'>\" + element.trim() + \"<\/a>\" + \"<\/td>\";\n                        }\n                        else {\n                            onScreen = onScreen + \"<td>\" + element.trim() + \"<\/td>\";\n                        }\n                        response = response.substr(response.indexOf(\"+\") + 1);\n\n                        element = response.substr(0, response.indexOf(\"+\"));\n                        onScreen = onScreen + \"<td>\" + \"<a href='mailto:\" + element.trim() + \"'>\" + element.trim() + \"<\/a>\" + \"<\/td>\";\n                        response = response.substr(response.indexOf(\"+\") + 1);\n\n                        element = response.substr(0, response.indexOf(\"+\"));\n                        onScreen = onScreen + \"<td>\" + element.trim() + \"<\/td>\";\n                        response = response.substr(response.indexOf(\"+\") + 1);\n\n                        element = response.substr(0, response.indexOf(\"+\"));\n                        onScreen = onScreen + \"<td>\" + element.trim() + \"<\/td>\";\n                        response = response.substr(response.indexOf(\"+\") + 1);\n\n                        element = response.substr(0, response.indexOf(\"+\"));\n                        onScreen = onScreen + \"<td>\" + element.trim() + \"<\/td>\";\n                        response = response.substr(response.indexOf(\"+\") + 1);\n\n                        element = response.substr(0, response.indexOf(\"+\"));\n                        onScreen = onScreen + \"<td>\" + element.trim() + \"<\/td>\";\n                        response = response.substr(response.indexOf(\"+\") + 1);\n\n                        element = response.substr(0, response.indexOf(\"+\"));\n                        onScreen = onScreen + \"<td>\" + element.trim() + \"<\/td>\";\n                        response = response.substr(response.indexOf(\"+\") + 1);\n\n                        element = response.substr(0, response.indexOf(\"+\"));\n                        onScreen = onScreen + \"<td>\" + element.trim() + \"<\/td>\";\n                        response = response.substr(response.indexOf(\"+\") + 1);\n\n                        element = response.substr(0, response.indexOf(\"+\"));\n                        onScreen = onScreen + \"<td>\" + element.trim() + \"<\/td>\";\n                        response = response.substr(response.indexOf(\"+\") + 1);\n\n                        element = response.substr(0, response.indexOf(\"+\"));\n                        onScreen = onScreen + \"<td>\" + element.trim() + \"<\/td>\";\n                        response = response.substr(response.indexOf(\"+\") + 1);\n\n                        element = response.substr(0, response.indexOf(\"+\"));\n                        onScreen = onScreen + \"<td>\" + element.trim() + \"<\/td>\";\n                        response = response.substr(response.indexOf(\"+\") + 1);\n\n                        element = response.substr(0, response.indexOf(\"+\"));\n                        onScreen = onScreen + \"<td>\" + element.trim() + \"<\/td>\";\n                        response = response.substr(response.indexOf(\"+\") + 1);\n\n                        element = response.substr(0, response.indexOf(\"+\"));\n                        onScreen = onScreen + \"<td>\" + element.trim() + \"<\/td>\";\n                        response = response.substr(response.indexOf(\"+\") + 1);\n\n                        element = response.substr(0, response.indexOf(\"+\"));\n                        onScreen = onScreen + \"<td>\" + element.trim() + \"<\/td>\";\n                        response = response.substr(response.indexOf(\"+\") + 1);\n\n                        element = response.substr(0, response.indexOf(\"+\"));\n                        onScreen = onScreen + \"<td>\" + element.trim() + \"<\/td>\";\n                        response = response.substr(response.indexOf(\"+\") + 1);\n\n                        element = response.substr(0, response.indexOf(\"+\"));\n                        onScreen = onScreen + \"<td>\" + element.trim() + \"<\/td>\";\n                        response = response.substr(response.indexOf(\"+\") + 1);\n\n                        element = response.substr(0, response.indexOf(\"+\"));\n                        onScreen = onScreen + \"<td>\" + element.trim() + \"<\/td>\";\n                        response = response.substr(response.indexOf(\"+\") + 1);\n\n                        element = response.substr(0, response.indexOf(\"+\"));\n                        onScreen = onScreen + \"<td>\" + element.trim() + \"<\/td>\";\n                        response = response.substr(response.indexOf(\"+\") + 1);\n\n                        element = response.substr(0, response.indexOf(\"+\"));\n                        onScreen = onScreen + \"<td>\" + element.trim() + \"<\/td>\";\n                        response = response.substr(response.indexOf(\"+\") + 1);\n\n                        element = response.substr(0, response.indexOf(\"+\"));\n                        onScreen = onScreen + \"<td>\" + element.trim() + \"<\/td>\";\n                        response = response.substr(response.indexOf(\"+\") + 1);\n\n                        onScreen = onScreen + \"<\/tr>\";\n                    }\n\n                    onScreen = onScreen + \"<\/tbody><\/table>\";\n\n                    $(\"#tabela\").html(onScreen);\n\n                    var frame_element = $(\"#tabela\");\n\n                    for (var i = 0; i < 4; i++) {\n                        frame_element = frame_element.parent();\n                    }\n\n                    frame_element.css(\"margin-left\", \"-200px\");\n\n                    changelanguage();\n                }\n            },\n            error: function (xhr, status, error){\n                if (error != \"\") {\n                    $(\"#errorresult\").html(error);\n                }\n            }\n        });\n    }\n<\/script>\n<span id=\"tabela\"><\/span>\n<span id=\"errorresult\"><\/span>\t\t<\/div>\n\t\t\t\t<\/div>\n\t\t\t\t\t<\/div>\n\t\t<\/div>\n\t\t\t\t\t\t\t<\/div>\n\t\t<\/section>\n\t\t\t\t\t\t\t<\/div>\n\t\t","protected":false},"excerpt":{"rendered":"","protected":false},"author":261,"featured_media":0,"parent":0,"menu_order":0,"comment_status":"closed","ping_status":"closed","template":"elementor_header_footer","meta":{"site-sidebar-layout":"no-sidebar","site-content-layout":"page-builder","ast-main-header-display":"","ast-hfb-above-header-display":"","ast-hfb-below-header-display":"","ast-hfb-mobile-header-display":"","site-post-title":"disabled","ast-breadcrumbs-content":"","ast-featured-img":"disabled","footer-sml-layout":"","theme-transparent-header-meta":"","adv-header-id-meta":"","stick-header-meta":"","header-above-stick-meta":"","header-main-stick-meta":"","header-below-stick-meta":"","footnotes":""},"_links":{"self":[{"href":"https:\/\/joinpasidev.org\/index.php\/wp-json\/wp\/v2\/pages\/8765"}],"collection":[{"href":"https:\/\/joinpasidev.org\/index.php\/wp-json\/wp\/v2\/pages"}],"about":[{"href":"https:\/\/joinpasidev.org\/index.php\/wp-json\/wp\/v2\/types\/page"}],"author":[{"embeddable":true,"href":"https:\/\/joinpasidev.org\/index.php\/wp-json\/wp\/v2\/users\/261"}],"replies":[{"embeddable":true,"href":"https:\/\/joinpasidev.org\/index.php\/wp-json\/wp\/v2\/comments?post=8765"}],"version-history":[{"count":0,"href":"https:\/\/joinpasidev.org\/index.php\/wp-json\/wp\/v2\/pages\/8765\/revisions"}],"wp:attachment":[{"href":"https:\/\/joinpasidev.org\/index.php\/wp-json\/wp\/v2\/media?parent=8765"}],"curies":[{"name":"wp","href":"https:\/\/api.w.org\/{rel}","templated":true}]}}