{"id":920,"date":"2020-10-27T11:17:00","date_gmt":"2020-10-27T15:17:00","guid":{"rendered":"http:\/\/www.joinpasi.org\/?page_id=920"},"modified":"2022-01-21T18:19:13","modified_gmt":"2022-01-21T23:19:13","slug":"endorsements","status":"publish","type":"page","link":"https:\/\/joinpasidev.org\/index.php\/endorsements\/","title":{"rendered":"Endorsements"},"content":{"rendered":"\t\t<div data-elementor-type=\"wp-page\" data-elementor-id=\"920\" class=\"elementor elementor-920\" data-elementor-post-type=\"page\">\n\t\t\t\t\t\t\t\t\t<section class=\"elementor-section elementor-top-section elementor-element elementor-element-320f094 elementor-section-height-min-height elementor-section-full_width elementor-section-height-default elementor-section-items-middle\" data-id=\"320f094\" data-element_type=\"section\" data-settings=\"{&quot;background_background&quot;:&quot;classic&quot;}\">\n\t\t\t\t\t\t<div class=\"elementor-container elementor-column-gap-default\">\n\t\t\t\t\t<div class=\"elementor-column elementor-col-100 elementor-top-column elementor-element elementor-element-119297e\" data-id=\"119297e\" data-element_type=\"column\">\n\t\t\t<div class=\"elementor-widget-wrap elementor-element-populated\">\n\t\t\t\t\t\t\t\t<div class=\"elementor-element elementor-element-7287d4a elementor-widget elementor-widget-heading\" data-id=\"7287d4a\" data-element_type=\"widget\" data-name=\"EndorsementPage\" data-widget_type=\"heading.default\">\n\t\t\t\t<div class=\"elementor-widget-container\">\n\t\t\t<h1 class=\"elementor-heading-title elementor-size-default\">Endorsements<\/h1>\t\t<\/div>\n\t\t\t\t<\/div>\n\t\t\t\t\t<\/div>\n\t\t<\/div>\n\t\t\t\t\t\t\t<\/div>\n\t\t<\/section>\n\t\t\t\t<section class=\"elementor-section elementor-top-section elementor-element elementor-element-ac31061 elementor-section-boxed elementor-section-height-default elementor-section-height-default\" data-id=\"ac31061\" data-element_type=\"section\" data-settings=\"{&quot;background_background&quot;:&quot;classic&quot;}\">\n\t\t\t\t\t\t<div class=\"elementor-container elementor-column-gap-default\">\n\t\t\t\t\t<div class=\"elementor-column elementor-col-100 elementor-top-column elementor-element elementor-element-80f7b5f\" data-id=\"80f7b5f\" data-element_type=\"column\">\n\t\t\t<div class=\"elementor-widget-wrap elementor-element-populated\">\n\t\t\t\t\t\t\t\t<div class=\"elementor-element elementor-element-fe01fba elementor-widget__width-initial elementor-widget elementor-widget-heading\" data-id=\"fe01fba\" data-element_type=\"widget\" data-widget_type=\"heading.default\">\n\t\t\t\t<div class=\"elementor-widget-container\">\n\t\t\t<p class=\"elementor-heading-title elementor-size-default\"><span class=\"english\"><strong>Endorsed by PASI.<\/strong><\/span><span class=\"polish\" style=\"display:none\"><strong>Poparcie przez PASI.<\/strong><\/span><\/p>\t\t<\/div>\n\t\t\t\t<\/div>\n\t\t\t\t\t<\/div>\n\t\t<\/div>\n\t\t\t\t\t\t\t<\/div>\n\t\t<\/section>\n\t\t\t\t<section class=\"elementor-section elementor-top-section elementor-element elementor-element-82049ae elementor-section-boxed elementor-section-height-default elementor-section-height-default\" data-id=\"82049ae\" data-element_type=\"section\">\n\t\t\t\t\t\t<div class=\"elementor-container elementor-column-gap-default\">\n\t\t\t\t\t<div class=\"elementor-column elementor-col-50 elementor-top-column elementor-element elementor-element-4b973f8\" data-id=\"4b973f8\" data-element_type=\"column\">\n\t\t\t<div class=\"elementor-widget-wrap elementor-element-populated\">\n\t\t\t\t\t\t\t\t<div class=\"elementor-element elementor-element-efc1704 elementor-widget-mobile__width-initial elementor-widget elementor-widget-image\" data-id=\"efc1704\" data-element_type=\"widget\" data-widget_type=\"image.default\">\n\t\t\t\t<div class=\"elementor-widget-container\">\n\t\t\t\t\t\t\t\t\t\t\t\t\t\t\t<img fetchpriority=\"high\" decoding=\"async\" width=\"220\" height=\"275\" src=\"https:\/\/joinpasidev.org\/wp-content\/uploads\/2020\/11\/Tim-Burchett.jpg\" class=\"attachment-large size-large wp-image-938\" alt=\"Tim Burchett\" \/>\t\t\t\t\t\t\t\t\t\t\t\t\t\t\t<\/div>\n\t\t\t\t<\/div>\n\t\t\t\t<div class=\"elementor-element elementor-element-0cf1415 elementor-widget elementor-widget-image\" data-id=\"0cf1415\" data-element_type=\"widget\" data-widget_type=\"image.default\">\n\t\t\t\t<div class=\"elementor-widget-container\">\n\t\t\t\t\t\t\t\t\t\t\t\t\t\t\t<img decoding=\"async\" width=\"150\" height=\"150\" src=\"https:\/\/joinpasidev.org\/wp-content\/uploads\/2020\/10\/Fame.svg\" class=\"attachment-thumbnail size-thumbnail wp-image-902\" alt=\"\" srcset=\"https:\/\/joinpasidev.org\/wp-content\/uploads\/\/2020\/10\/Fame.svg 150w, https:\/\/joinpasidev.org\/wp-content\/uploads\/\/2020\/10\/Fame.svg 300w, https:\/\/joinpasidev.org\/wp-content\/uploads\/\/2020\/10\/Fame.svg 1024w, https:\/\/joinpasidev.org\/wp-content\/uploads\/\/2020\/10\/Fame.svg 491w\" sizes=\"(max-width: 150px) 100vw, 150px\" \/>\t\t\t\t\t\t\t\t\t\t\t\t\t\t\t<\/div>\n\t\t\t\t<\/div>\n\t\t\t\t<div class=\"elementor-element elementor-element-5d11eb0 elementor-widget elementor-widget-heading\" data-id=\"5d11eb0\" data-element_type=\"widget\" data-widget_type=\"heading.default\">\n\t\t\t\t<div class=\"elementor-widget-container\">\n\t\t\t<h2 class=\"elementor-heading-title elementor-size-default\"><span class=\"english\">Timothy Floyd Burchett (R-TN-2)<br>\nUS Representative since 2019<br>\nTerm ends January 3, 2023<br><\/span><span class=\"polish\" style=\"display:none\">Timothy Floyd Burchett (R-TN-2)<br>\nKongresman USA od 2019 roku<br>\nTermin up\u0142ywa 3 stycznia 2023 r.<\/span>\n\n\n<\/h2>\t\t<\/div>\n\t\t\t\t<\/div>\n\t\t\t\t\t<\/div>\n\t\t<\/div>\n\t\t\t\t<div class=\"elementor-column elementor-col-50 elementor-top-column elementor-element elementor-element-9b6333d\" data-id=\"9b6333d\" data-element_type=\"column\">\n\t\t\t<div class=\"elementor-widget-wrap elementor-element-populated\">\n\t\t\t\t\t\t\t\t<div class=\"elementor-element elementor-element-3a65667 elementor-widget__width-initial elementor-widget elementor-widget-heading\" data-id=\"3a65667\" data-element_type=\"widget\" data-widget_type=\"heading.default\">\n\t\t\t\t<div class=\"elementor-widget-container\">\n\t\t\t<p class=\"elementor-heading-title elementor-size-default\"><span class=\"english\"><strong>Sponsor of H.RES. 699 of 116 Congress.<\/strong><br>\nThe resolution celebrates the 100th anniversary of diplomatic relations between the United States and Poland.<\/span><span class=\"polish\" style=\"display:none\">Sponsor H.RES. 699 ze 116 kongres\u00f3w.<\/strong><br>\nRezolucja upami\u0119tnia 100. rocznic\u0119 nawi\u0105zania stosunk\u00f3w dyplomatycznych mi\u0119dzy Stanami Zjednoczonymi a Polsk\u0105.<\/span>\n<\/p>\t\t<\/div>\n\t\t\t\t<\/div>\n\t\t\t\t<div class=\"elementor-element elementor-element-4bbba17 elementor-widget elementor-widget-heading\" data-id=\"4bbba17\" data-element_type=\"widget\" data-widget_type=\"heading.default\">\n\t\t\t\t<div class=\"elementor-widget-container\">\n\t\t\t<h2 class=\"elementor-heading-title elementor-size-default\"><span class=\"english\">PASI congratulates Tim Burchett for his successful run for office. Tim won with 67.7% of votes against Renee Hoyos with 31% of votes.<br><br>\nWe appreciate Tim\u2019s sponsorship of H. Res, 699 of 116 Congress.<\/span><span class=\"polish\" style=\"display:none\">PASI gratuluje Timowi Burchettowi udanej kandydatury na urz\u0105d. Tim wygra\u0142 z 67,7% g\u0142os\u00f3w przeciwko Renee Hoyos z 31% g\u0142os\u00f3w.<br><br>\nDoceniamy sponsorowanie przez Tima H. \u200b\u200bRes, 699 w 116-tym Kongresie.<\/span>\n\n\n\n<\/h2>\t\t<\/div>\n\t\t\t\t<\/div>\n\t\t\t\t\t<\/div>\n\t\t<\/div>\n\t\t\t\t\t\t\t<\/div>\n\t\t<\/section>\n\t\t\t\t<section class=\"elementor-section elementor-top-section elementor-element elementor-element-c4dc8d3 elementor-section-boxed elementor-section-height-default elementor-section-height-default\" data-id=\"c4dc8d3\" data-element_type=\"section\" data-settings=\"{&quot;background_background&quot;:&quot;classic&quot;}\">\n\t\t\t\t\t\t<div class=\"elementor-container elementor-column-gap-default\">\n\t\t\t\t\t<div class=\"elementor-column elementor-col-100 elementor-top-column elementor-element elementor-element-f3b8b8c\" data-id=\"f3b8b8c\" data-element_type=\"column\">\n\t\t\t<div class=\"elementor-widget-wrap elementor-element-populated\">\n\t\t\t\t\t\t\t\t<div class=\"elementor-element elementor-element-04d6aa6 elementor-widget__width-initial elementor-widget elementor-widget-heading\" data-id=\"04d6aa6\" data-element_type=\"widget\" data-widget_type=\"heading.default\">\n\t\t\t\t<div class=\"elementor-widget-container\">\n\t\t\t<p class=\"elementor-heading-title elementor-size-default\"><span class=\"english\"><strong>Endorsed by PASI. <\/strong><br>\nConnecticut Chapter of PASI just announced the candidates they have endorsed in local elections after the Zoom meeting with prospective candidates in Districts 104 and 105:<\/span><span class=\"polish\" style=\"display:none\"><strong>Poparte przez PASI. <\/strong><br>Oddzia\u0142 PASI w Connecticut w\u0142a\u015bnie og\u0142osi\u0142 kandydat\u00f3w, kt\u00f3rych popiera w wyborach lokalnych po spotkaniu Zoom z potencjalnymi kandydatami w Dystryktach 104 i 105:<\/span><\/p>\t\t<\/div>\n\t\t\t\t<\/div>\n\t\t\t\t\t<\/div>\n\t\t<\/div>\n\t\t\t\t\t\t\t<\/div>\n\t\t<\/section>\n\t\t\t\t<section class=\"elementor-section elementor-top-section elementor-element elementor-element-d081a70 elementor-section-boxed elementor-section-height-default elementor-section-height-default\" data-id=\"d081a70\" data-element_type=\"section\">\n\t\t\t\t\t\t<div class=\"elementor-container elementor-column-gap-default\">\n\t\t\t\t\t<div class=\"elementor-column elementor-col-50 elementor-top-column elementor-element elementor-element-6ab1962\" data-id=\"6ab1962\" data-element_type=\"column\">\n\t\t\t<div class=\"elementor-widget-wrap elementor-element-populated\">\n\t\t\t\t\t\t\t\t<div class=\"elementor-element elementor-element-6c1ede5 elementor-widget-mobile__width-initial elementor-widget elementor-widget-image\" data-id=\"6c1ede5\" data-element_type=\"widget\" data-widget_type=\"image.default\">\n\t\t\t\t<div class=\"elementor-widget-container\">\n\t\t\t\t\t\t\t\t\t\t\t\t\t\t\t<img decoding=\"async\" width=\"225\" height=\"225\" src=\"https:\/\/joinpasidev.org\/wp-content\/uploads\/2020\/10\/Myra-Rivers.jpeg\" class=\"attachment-large size-large wp-image-923\" alt=\"\" srcset=\"https:\/\/joinpasidev.org\/wp-content\/uploads\/2020\/10\/Myra-Rivers.jpeg 225w, https:\/\/joinpasidev.org\/wp-content\/uploads\/2020\/10\/Myra-Rivers-150x150.jpeg 150w\" sizes=\"(max-width: 225px) 100vw, 225px\" \/>\t\t\t\t\t\t\t\t\t\t\t\t\t\t\t<\/div>\n\t\t\t\t<\/div>\n\t\t\t\t<div class=\"elementor-element elementor-element-b915d77 elementor-widget elementor-widget-image\" data-id=\"b915d77\" data-element_type=\"widget\" data-widget_type=\"image.default\">\n\t\t\t\t<div class=\"elementor-widget-container\">\n\t\t\t\t\t\t\t\t\t\t\t\t\t\t\t<img decoding=\"async\" width=\"150\" height=\"150\" src=\"https:\/\/joinpasidev.org\/wp-content\/uploads\/2020\/10\/Fame.svg\" class=\"attachment-thumbnail size-thumbnail wp-image-902\" alt=\"\" srcset=\"https:\/\/joinpasidev.org\/wp-content\/uploads\/\/2020\/10\/Fame.svg 150w, https:\/\/joinpasidev.org\/wp-content\/uploads\/\/2020\/10\/Fame.svg 300w, https:\/\/joinpasidev.org\/wp-content\/uploads\/\/2020\/10\/Fame.svg 1024w, https:\/\/joinpasidev.org\/wp-content\/uploads\/\/2020\/10\/Fame.svg 491w\" sizes=\"(max-width: 150px) 100vw, 150px\" \/>\t\t\t\t\t\t\t\t\t\t\t\t\t\t\t<\/div>\n\t\t\t\t<\/div>\n\t\t\t\t<div class=\"elementor-element elementor-element-c597402 elementor-widget elementor-widget-heading\" data-id=\"c597402\" data-element_type=\"widget\" data-widget_type=\"heading.default\">\n\t\t\t\t<div class=\"elementor-widget-container\">\n\t\t\t<h2 class=\"elementor-heading-title elementor-size-default\"><span class=\"english\">CT - District 104<br>\nMyra Rivers (R), State Legislature<\/span><span class=\"polish\" style=\"display:none\">CT - Dystrykt 104<br>\nMyra Rivers (R), Legislatura Stanowa<\/span>\n\n<\/h2>\t\t<\/div>\n\t\t\t\t<\/div>\n\t\t\t\t\t<\/div>\n\t\t<\/div>\n\t\t\t\t<div class=\"elementor-column elementor-col-50 elementor-top-column elementor-element elementor-element-d6b6f55\" data-id=\"d6b6f55\" data-element_type=\"column\">\n\t\t\t<div class=\"elementor-widget-wrap elementor-element-populated\">\n\t\t\t\t\t\t\t\t<div class=\"elementor-element elementor-element-c2ada9a elementor-widget-mobile__width-initial elementor-widget elementor-widget-image\" data-id=\"c2ada9a\" data-element_type=\"widget\" data-widget_type=\"image.default\">\n\t\t\t\t<div class=\"elementor-widget-container\">\n\t\t\t\t\t\t\t\t\t\t\t\t\t\t\t<img loading=\"lazy\" decoding=\"async\" width=\"768\" height=\"1024\" src=\"https:\/\/joinpasidev.org\/wp-content\/uploads\/2020\/10\/Chris-Bowen-768x1024.jpg\" class=\"attachment-large size-large wp-image-932\" alt=\"\" srcset=\"https:\/\/joinpasidev.org\/wp-content\/uploads\/2020\/10\/Chris-Bowen-768x1024.jpg 768w, https:\/\/joinpasidev.org\/wp-content\/uploads\/2020\/10\/Chris-Bowen-225x300.jpg 225w, https:\/\/joinpasidev.org\/wp-content\/uploads\/2020\/10\/Chris-Bowen-1152x1536.jpg 1152w, https:\/\/joinpasidev.org\/wp-content\/uploads\/2020\/10\/Chris-Bowen-1536x2048.jpg 1536w, https:\/\/joinpasidev.org\/wp-content\/uploads\/2020\/10\/Chris-Bowen-scaled.jpg 1920w\" sizes=\"(max-width: 768px) 100vw, 768px\" \/>\t\t\t\t\t\t\t\t\t\t\t\t\t\t\t<\/div>\n\t\t\t\t<\/div>\n\t\t\t\t<div class=\"elementor-element elementor-element-2196d86 elementor-widget elementor-widget-image\" data-id=\"2196d86\" data-element_type=\"widget\" data-widget_type=\"image.default\">\n\t\t\t\t<div class=\"elementor-widget-container\">\n\t\t\t\t\t\t\t\t\t\t\t\t\t\t\t<img decoding=\"async\" width=\"150\" height=\"150\" src=\"https:\/\/joinpasidev.org\/wp-content\/uploads\/2020\/10\/Fame.svg\" class=\"attachment-thumbnail size-thumbnail wp-image-902\" alt=\"\" srcset=\"https:\/\/joinpasidev.org\/wp-content\/uploads\/\/2020\/10\/Fame.svg 150w, https:\/\/joinpasidev.org\/wp-content\/uploads\/\/2020\/10\/Fame.svg 300w, https:\/\/joinpasidev.org\/wp-content\/uploads\/\/2020\/10\/Fame.svg 1024w, https:\/\/joinpasidev.org\/wp-content\/uploads\/\/2020\/10\/Fame.svg 491w\" sizes=\"(max-width: 150px) 100vw, 150px\" \/>\t\t\t\t\t\t\t\t\t\t\t\t\t\t\t<\/div>\n\t\t\t\t<\/div>\n\t\t\t\t<div class=\"elementor-element elementor-element-1e8457f elementor-widget elementor-widget-heading\" data-id=\"1e8457f\" data-element_type=\"widget\" data-widget_type=\"heading.default\">\n\t\t\t\t<div class=\"elementor-widget-container\">\n\t\t\t<h2 class=\"elementor-heading-title elementor-size-default\"><span class=\"english\">CT - District 105<br>\nChristopher Bowen (D), State Legislature<\/span><span class=\"polish\" style=\"display:none\">CT - Dystrykt 105<br>\nChristopher Bowen (D), Legislatura Stanowa<\/span>\n\n\n<\/h2>\t\t<\/div>\n\t\t\t\t<\/div>\n\t\t\t\t\t<\/div>\n\t\t<\/div>\n\t\t\t\t\t\t\t<\/div>\n\t\t<\/section>\n\t\t\t\t<section class=\"elementor-section elementor-top-section elementor-element elementor-element-474d1be elementor-section-boxed elementor-section-height-default elementor-section-height-default\" data-id=\"474d1be\" data-element_type=\"section\">\n\t\t\t\t\t\t<div class=\"elementor-container elementor-column-gap-default\">\n\t\t\t\t\t<div class=\"elementor-column elementor-col-50 elementor-top-column elementor-element elementor-element-9721437\" data-id=\"9721437\" data-element_type=\"column\">\n\t\t\t<div class=\"elementor-widget-wrap elementor-element-populated\">\n\t\t\t\t\t\t\t\t<div class=\"elementor-element elementor-element-3089c76 elementor-widget-mobile__width-initial elementor-widget elementor-widget-image\" data-id=\"3089c76\" data-element_type=\"widget\" data-widget_type=\"image.default\">\n\t\t\t\t<div class=\"elementor-widget-container\">\n\t\t\t\t\t\t\t\t\t\t\t\t\t\t\t<img loading=\"lazy\" decoding=\"async\" width=\"220\" height=\"330\" src=\"https:\/\/joinpasidev.org\/wp-content\/uploads\/2021\/07\/220px-Rodney_Davis_official_photo_2016.jpg\" class=\"attachment-large size-large wp-image-2978\" alt=\"\" srcset=\"https:\/\/joinpasidev.org\/wp-content\/uploads\/2021\/07\/220px-Rodney_Davis_official_photo_2016.jpg 220w, https:\/\/joinpasidev.org\/wp-content\/uploads\/2021\/07\/220px-Rodney_Davis_official_photo_2016-200x300.jpg 200w\" sizes=\"(max-width: 220px) 100vw, 220px\" \/>\t\t\t\t\t\t\t\t\t\t\t\t\t\t\t<\/div>\n\t\t\t\t<\/div>\n\t\t\t\t<div class=\"elementor-element elementor-element-d4ecac3 elementor-widget elementor-widget-image\" data-id=\"d4ecac3\" data-element_type=\"widget\" data-widget_type=\"image.default\">\n\t\t\t\t<div class=\"elementor-widget-container\">\n\t\t\t\t\t\t\t\t\t\t\t\t\t\t\t<img decoding=\"async\" width=\"150\" height=\"150\" src=\"https:\/\/joinpasidev.org\/wp-content\/uploads\/2020\/10\/Fame.svg\" class=\"attachment-thumbnail size-thumbnail wp-image-902\" alt=\"\" srcset=\"https:\/\/joinpasidev.org\/wp-content\/uploads\/\/2020\/10\/Fame.svg 150w, https:\/\/joinpasidev.org\/wp-content\/uploads\/\/2020\/10\/Fame.svg 300w, https:\/\/joinpasidev.org\/wp-content\/uploads\/\/2020\/10\/Fame.svg 1024w, https:\/\/joinpasidev.org\/wp-content\/uploads\/\/2020\/10\/Fame.svg 491w\" sizes=\"(max-width: 150px) 100vw, 150px\" \/>\t\t\t\t\t\t\t\t\t\t\t\t\t\t\t<\/div>\n\t\t\t\t<\/div>\n\t\t\t\t<div class=\"elementor-element elementor-element-fbe9ffc elementor-widget elementor-widget-heading\" data-id=\"fbe9ffc\" data-element_type=\"widget\" data-widget_type=\"heading.default\">\n\t\t\t\t<div class=\"elementor-widget-container\">\n\t\t\t<h2 class=\"elementor-heading-title elementor-size-default\"><span class=\"english\">Davis Rodney (R-Il 13)<br>\nUS Representative since 2012<br>\nTerm ends January 3, 2023<br><\/span><span class=\"polish\" style=\"display:none\">Davis Rodney (R-Il 13)<br>\nKongresman od 2012<br>\nKadencja ko\u0144czy si\u0119 3 stycznia 2023 r.<br><\/span>\n\n\n<\/h2>\t\t<\/div>\n\t\t\t\t<\/div>\n\t\t\t\t\t<\/div>\n\t\t<\/div>\n\t\t\t\t<div class=\"elementor-column elementor-col-50 elementor-top-column elementor-element elementor-element-3c71f42\" data-id=\"3c71f42\" data-element_type=\"column\">\n\t\t\t<div class=\"elementor-widget-wrap elementor-element-populated\">\n\t\t\t\t\t\t\t\t<div class=\"elementor-element elementor-element-9f01a51 elementor-widget__width-initial elementor-widget elementor-widget-heading\" data-id=\"9f01a51\" data-element_type=\"widget\" data-widget_type=\"heading.default\">\n\t\t\t\t<div class=\"elementor-widget-container\">\n\t\t\t<p class=\"elementor-heading-title elementor-size-default\"><span class=\"english\"><strong>Sponsor of H.RES. 82 of 117 Congress.<\/strong><br><\/span><span class=\"polish\" style=\"display:none\"><strong>Sponsor H.RES. 82 w 117 Kongresie.<\/strong><br><\/span>\n\n<\/p>\t\t<\/div>\n\t\t\t\t<\/div>\n\t\t\t\t<div class=\"elementor-element elementor-element-8f3586c elementor-widget elementor-widget-heading\" data-id=\"8f3586c\" data-element_type=\"widget\" data-widget_type=\"heading.default\">\n\t\t\t\t<div class=\"elementor-widget-container\">\n\t\t\t<h2 class=\"elementor-heading-title elementor-size-default\"><span class=\"english\">PASI supports Congressman Davis Rodney for introducing HR 82 ( The Social Security Fairness Act) to 117 Congress on 01\/04\/2021\n The bill requests  Congress to repeal unfair Social Security Penalties. <br\/>\nThe Social Security Fairness Act would repeal the Windfall Elimination Provision (WEP) and the Government Pension Offset (GPO) from the Social Security Act. Both of the statutes significantly reduce benefits for nearly 2.5 million Americans.<\/span><span class=\"polish\" style=\"display:none\">PASI popiera kongresmana Davisa Rodneya za wprowadzenie HR 82 (The Social Security Fairness Act) do 117 Kongresu w dniu 1 kwietnia 2021 r. Projekt ustawy wzywa Kongres do uchylenia niesprawiedliwych kar na ubezpieczenia spo\u0142eczne.<br\/>\nSocial Security Fairness Act uchyliby Windfall Elimination Provision (WEP) i Rz\u0105dow\u0105 Odszkodowanie Emerytalne (GPO) z Ustawy o Ubezpieczeniach Spo\u0142ecznych. Oba statuty znacznie obni\u017caj\u0105 \u015bwiadczenia dla prawie 2,5 miliona Amerykan\u00f3w.<\/span>\n\n\n\n<\/h2>\t\t<\/div>\n\t\t\t\t<\/div>\n\t\t\t\t\t<\/div>\n\t\t<\/div>\n\t\t\t\t\t\t\t<\/div>\n\t\t<\/section>\n\t\t\t\t<section class=\"elementor-section elementor-top-section elementor-element elementor-element-3052dcc elementor-section-boxed elementor-section-height-default elementor-section-height-default\" data-id=\"3052dcc\" data-element_type=\"section\">\n\t\t\t\t\t\t<div class=\"elementor-container elementor-column-gap-default\">\n\t\t\t\t\t<div class=\"elementor-column elementor-col-100 elementor-top-column elementor-element elementor-element-5d7410b\" data-id=\"5d7410b\" data-element_type=\"column\">\n\t\t\t<div class=\"elementor-widget-wrap elementor-element-populated\">\n\t\t\t\t\t\t\t\t<div class=\"elementor-element elementor-element-c0b7682 elementor-widget elementor-widget-html\" data-id=\"c0b7682\" data-element_type=\"widget\" data-widget_type=\"html.default\">\n\t\t\t\t<div class=\"elementor-widget-container\">\n\t\t\t<script>\n    jQuery(window).load(function () {\n        if ($(\"#headerenglish\").css(\"display\") == \"none\") {\n            $(\".switchpolish\").click();\n        }\n        else if ($(\"#headerpolish\").css(\"display\") == \"none\") {\n            $(\".switchenglish\").click();\n        }\n    });\n\n    jQuery(document).on('click', '.switchenglish', function () {\n        setPageTitle(\"EndorsementPage\", \"ENDORSEMENTS\");\n    });\n\n    jQuery(document).on('click', '.switchpolish', function () {\n        setPageTitle(\"EndorsementPage\", \"POPARCIE\");\n    });\n<\/script>\n\n\t\t<\/div>\n\t\t\t\t<\/div>\n\t\t\t\t\t<\/div>\n\t\t<\/div>\n\t\t\t\t\t\t\t<\/div>\n\t\t<\/section>\n\t\t\t\t\t\t\t<\/div>\n\t\t","protected":false},"excerpt":{"rendered":"<p>Endorsements Endorsed by PASI.Poparcie przez PASI. Timothy Floyd Burchett (R-TN-2) US Representative since 2019 Term ends January 3, 2023Timothy Floyd Burchett (R-TN-2) Kongresman USA od 2019 roku Termin up\u0142ywa 3 stycznia 2023 r. Sponsor of H.RES. 699 of 116 Congress. The resolution celebrates the 100th anniversary of diplomatic relations between the United States and Poland.Sponsor &hellip;<\/p>\n<p class=\"read-more\"> <a class=\"\" href=\"https:\/\/joinpasidev.org\/index.php\/endorsements\/\"> <span class=\"screen-reader-text\">Endorsements<\/span> Read More \u00bb<\/a><\/p>\n","protected":false},"author":142,"featured_media":921,"parent":0,"menu_order":0,"comment_status":"closed","ping_status":"closed","template":"elementor_header_footer","meta":{"site-sidebar-layout":"no-sidebar","site-content-layout":"page-builder","ast-main-header-display":"","ast-hfb-above-header-display":"","ast-hfb-below-header-display":"","ast-hfb-mobile-header-display":"","site-post-title":"disabled","ast-breadcrumbs-content":"","ast-featured-img":"disabled","footer-sml-layout":"","theme-transparent-header-meta":"default","adv-header-id-meta":"","stick-header-meta":"","header-above-stick-meta":"","header-main-stick-meta":"","header-below-stick-meta":"","footnotes":""},"_links":{"self":[{"href":"https:\/\/joinpasidev.org\/index.php\/wp-json\/wp\/v2\/pages\/920"}],"collection":[{"href":"https:\/\/joinpasidev.org\/index.php\/wp-json\/wp\/v2\/pages"}],"about":[{"href":"https:\/\/joinpasidev.org\/index.php\/wp-json\/wp\/v2\/types\/page"}],"author":[{"embeddable":true,"href":"https:\/\/joinpasidev.org\/index.php\/wp-json\/wp\/v2\/users\/142"}],"replies":[{"embeddable":true,"href":"https:\/\/joinpasidev.org\/index.php\/wp-json\/wp\/v2\/comments?post=920"}],"version-history":[{"count":0,"href":"https:\/\/joinpasidev.org\/index.php\/wp-json\/wp\/v2\/pages\/920\/revisions"}],"wp:featuredmedia":[{"embeddable":true,"href":"https:\/\/joinpasidev.org\/index.php\/wp-json\/wp\/v2\/media\/921"}],"wp:attachment":[{"href":"https:\/\/joinpasidev.org\/index.php\/wp-json\/wp\/v2\/media?parent=920"}],"curies":[{"name":"wp","href":"https:\/\/api.w.org\/{rel}","templated":true}]}}