{"id":9535,"date":"2024-09-25T12:49:47","date_gmt":"2024-09-25T16:49:47","guid":{"rendered":"https:\/\/joinpasidev.org\/?page_id=9535"},"modified":"2024-11-22T14:16:45","modified_gmt":"2024-11-22T19:16:45","slug":"schumer_letter","status":"publish","type":"page","link":"https:\/\/joinpasidev.org\/index.php\/schumer_letter\/","title":{"rendered":"Schumer_Letter"},"content":{"rendered":"\t\t<div data-elementor-type=\"wp-page\" data-elementor-id=\"9535\" class=\"elementor elementor-9535\" data-elementor-post-type=\"page\">\n\t\t\t\t\t\t\t\t\t<section class=\"elementor-section elementor-top-section elementor-element elementor-element-79f2f9c elementor-section-boxed elementor-section-height-default elementor-section-height-default\" data-id=\"79f2f9c\" data-element_type=\"section\">\n\t\t\t\t\t\t<div class=\"elementor-container elementor-column-gap-default\">\n\t\t\t\t\t<div class=\"elementor-column elementor-col-100 elementor-top-column elementor-element elementor-element-089e967\" data-id=\"089e967\" data-element_type=\"column\">\n\t\t\t<div class=\"elementor-widget-wrap elementor-element-populated\">\n\t\t\t\t\t\t\t\t<div class=\"elementor-element elementor-element-15a48ee elementor-widget elementor-widget-html\" data-id=\"15a48ee\" data-element_type=\"widget\" data-widget_type=\"html.default\">\n\t\t\t\t<div class=\"elementor-widget-container\">\n\t\t\t<div id=\"Remaining_Page\" style=\"display:none\">\n    <div id=\"HeaderMessage\">\n        <h1 class=\"english\" style=\"text-align: center; color:#CB1407\">\n            <b>\n                ASK SENATOR SCHUMER TO URGE CONGRESS TO BRING S.597 FORWARD\n            <\/b>\n        <\/h1>\n        <h1 class=\"polish\" style=\"text-align: center; color: #CB1407; display: none\">\n            <b>\n                POPRO\u015a SENATORA SCHUMERA , ABY PODDA\u0141 S. 597 POD G\u0141OSOWANIE\n            <\/b>\n        <\/h1>\n    <\/div>\n    <br \/>\n    <div id=\"LetterHeader\">\n        <h4 id=\"Schumer_Letter\">\n            <b>House Passed HR 82 with an Historic 327 votes in Favor \u2013 Please Bring Companion Bill S. 597 to the Senate Floor for a Vote as soon as possible<\/b><br \/><br \/><br \/>\n\n            Dear Senate Majority Leader Schumer,<br \/><br \/>\n\n            Thank you for cosponsoring S. 597, Social Security Fairness Act, which eliminates the unfair reductions in Social Security pensions and Social Security spousal and survivor benefits imposed by the Windfall Elimination Provision (WEP) and Government Pension Offset (GPO).<br \/><br \/>\n            As you know, HR 82, the companion bill to S. 597, passed the House on 12 November with an historic 327 votes in favor.<br \/><br \/>\n            Now is the time for the Senate to act and I ask that you honor your commitment to Social Security fairness and bring S. 597 to a floor vote as soon as possible.<br \/><br \/>\n            <b>WHY THE WEP IS UNJUST.<\/b> The WEP reduces the Social Security pension of a retiree simply because that retiree earned a non-Social Security pension even though he\/she was lawfully exempt from paying into Social Security while earning his\/her non-Social Security pension.<br \/><br \/>\n            <b>WHY THE GPO IS UNJUST.<\/b> The WEP\u2019s equally unjust counterpart, the GPO, reduces the Social Security spousal benefit and survivor benefit of a spouse simply because that spouse earned a non-Social Security pension even though he\/she was lawfully exempt from paying into Social Security while earning his\/her non-Social Security pension.<br \/><br \/>\n            This is an issue of fairness and S. 597 will end these unjust absurdities, which hardworking Americans have had to endure for the past 40 years. As you also know, <b>a key factor in maintaining the solvency and extending the life of the Social Security program is the entirety of payments that were unfairly withheld by the WEP and GPO during the past 40 years.<\/b> This fact invalidates the assertion that S. 597 needs a \u201cpay-for\u201d.<br \/><br \/>\n            I respectfully request that you honor your commitment to Social Security fairness and bring S. 597 to the Senate floor as soon as possible.<br \/><br \/>\n\n            Sincerely,\n        <\/h4>\n    <\/div>\n    <div id=\"EmptyLetter\" style=\"display:none; text-align: center\">\n        <h3 class=\"english\" style=\"text-align: center; color: red; \">\n            <b>\n                Letter is Empty\n            <\/b>\n        <\/h3>\n        <h3 class=\"polish\" style=\"text-align: center; color: red; display: none\">\n            <b>\n                List jest Pusty\n            <\/b>\n        <\/h3>\n    <\/div>\n    <br id=\"Sing_Space\" \/>\n    <div id=\"FirstAndLastName\" style=\"text-align: center \">\n        <h3 class=\"english\" style=\"color:green\">\n            <b>\n                Please Enter Your Name\n            <\/b>\n        <\/h3>\n        <h3 class=\"polish\" style=\"display:none;color:green;\">\n            <b>\n                Prosz\u0119 wprowadzi\u0107 imi\u0119 i nazwisko\n            <\/b>\n        <\/h3>\n        <input type=\"text\" name=\"personname\" id=\"personname\" value=\"\" tabindex=\"2\" aria-required=\"true\" style=\"width:600px\" placeholder=\"Your Name\" \/>\n    <\/div>\n    <br \/>\n    <div id=\"CityTown\" style=\"text-align: center \">\n        <h3 class=\"english\" style=\"color:green\">\n            <b>\n                Please Enter Your City\/Town\n            <\/b>\n        <\/h3>\n        <h3 class=\"polish\" style=\"display:none;color:green;\">\n            <b>\n                Prosz\u0119 wprowadzi\u0107 Miasto\n            <\/b>\n        <\/h3>\n        <input type=\"text\" name=\"citytown\" id=\"citytown\" value=\"\" tabindex=\"2\" aria-required=\"true\" style=\"width:600px\" placeholder=\"Your City\/Town\" \/>\n    <\/div>\n    <br \/>\n<\/div>\n<div id=\"Instructions\" style=\"display:none\">\n    <h3 class=\"english\">\n        1. By clicking on \"<b><span style=\"color:green\">Send a Letter to the Senator Schumer<\/span><\/b>\" green button, your letter will be copied to your clipboard.<br \/><br \/>\n\n        2. You will then be transferred to the Senator Schumer \"Contact\" page.<br \/><br \/>\n\n        3. First go to the last box, which is called \"Comments*\", and insert your letter by moving cursor on that box and then right click your mouse and then select paste. Your letter with your name and town\/city will automatically appear in the box.<br \/><br \/>\n\n        4. Go to the top of the page and fill out the form with your personal information. Remember - the asterisks (*) are mandatory information!<br \/><br \/>\n\n        5. The form is now completed. Please send it by clicking on the blue button \"SUBMIT\".<br \/><br \/>\n    <\/h3>\n    <h3 class=\"polish\" style=\"display:none\">\n        1. Klikaj\u0105c na  zielony przycisk \u201e<b><span style=\"color:green\">Wy\u015blij List do Senatora Schumera<\/span><\/b>\u201d, skopiujesz sw\u00f3j list do schowka.<br \/><br \/>\n\n        2. Nast\u0119pnie zostaniesz przeniesiony na stron\u0119 Senatora ,schumera na kt\u00f3rej jest formularz do wype\u0142nienia  \u201eKontakt\u201d<br \/><br \/>\n\n        3. Najpierw id\u017a do ostatniego pola, kt\u00f3re nazywa si\u0119 \u201eUwagi*\u201d, i wklej sw\u00f3j list przez przesuni\u0119cie kursora na to pole, nast\u0119pnie kliknij prawym przyciskiem myszy i wybierz opcj\u0119 wklej. Tw\u00f3j list z imieniem, nazwiskiem i miastem zostan\u0105 automatycznie wy\u015bwietlone w tym polu.<br \/><br \/>\n\n        4. Id\u017a na pocz\u0105tek strony i wype\u0142nij formularz wpisuj\u0105\u0107 swoje dane osobowe. Pami\u0119taj - pola oznaczone gwiazdkami (*) to informacja obowi\u0105zkowa i musz\u0105 by\u0107 wype\u0142nione!<br \/><br \/>\n\n        5. Formularz jest ju\u017c wype\u0142niony. Prosimy o przes\u0142anie go poprzez klikni\u0119cie niebieskiego przycisku \u201eWY\u015aLIJ\u201d.<br \/><br \/>\n    <\/h3>\n<\/div>\n<div id=\"personnameerror\" style=\"text-align: center; display: none \">\n    <h3 class=\"english\" style=\"color:red\">\n        <b>\n            Name has not been Entered\n        <\/b>\n    <\/h3>\n    <h3 class=\"polish\" style=\"display:none;color:red;\">\n        <b>\n            Nie wprowadzono imienia i nazwiska\n        <\/b>\n    <\/h3>\n<\/div>\n<div id=\"citytownerror\" style=\"text-align: center; display: none \">\n    <h3 class=\"english\" style=\"color:red\">\n        <b>\n            City or Town has not been Entered\n        <\/b>\n    <\/h3>\n    <h3 class=\"polish\" style=\"display:none;color:red;\">\n        <b>\n            Nie wprowadzono Nazwy Miasta\n        <\/b>\n    <\/h3>\n<\/div>\n<div class=\"inserterrorsendemail\" style=\"display:none\">\n    <br \/>\n    <h5 class=\"english\" style=\"color:red\">\n        <b class=\"inserterrorsendemailenglish\">\n        <\/b>\n    <\/h5>\n    <h5 class=\"polish\" style=\"display:none;color:red;\">\n        <b class=\"inserterrorsendemailpolish\">\n        <\/b>\n    <\/h5>\n<\/div>\n<div class=\"exception_send_error\" style=\"display:none\">\n    <br \/>\n    <h3 style=\"color:red\">\n        <b class=\"exception_error_message\">\n        <\/b>\n    <\/h3>\n<\/div>\n<br class=\"No_Name_Space\" \/>\n<br class=\"No_Name_Space\" \/>\n<div id=\"CopyAndOpen\" style=\"text-align:center; display:none\">\n    <div class=\"elementor-element elementor-element-45678e9 elementor-align-center elementor-mobile-align-center elementor-widget__width-auto elementor-widget-mobile__width-initial elementor-widget elementor-widget-button\" data-id=\"45678e9\" data-element_type=\"widget\" data-widget_type=\"button.default\" id=\"ActionCopyOpen\">\n        <div class=\"elementor-widget-container\">\n            <div class=\"elementor-button-wrapper\">\n                <a href=\"javascript:void(0)\" id=\"CopyAndOpenSchumer\" class=\"elementor-button-link elementor-button elementor-size-sm copyandopenpresident\" role=\"button\">\n                    <h3 class=\"elementor-button-content-wrapper\">\n                        <span class=\"elementor-button-text\">\n                            <span class=\"english\" style=\"color:white\">\n                                <b>\n                                    Send a Letter to the Senator Schumer\n                                <\/b>\n                            <\/span>\n                            <span class=\"polish\" style=\"display: none; color: white\">\n                                <b>\n                                    Wy\u015blij List do Senatora Schumera\n                                <\/b>\n                            <\/span>\n                        <\/span>\n                    <\/h3>\n                <\/a>\n            <\/div>\n        <\/div>\n    <\/div>\n<\/div>\n<script>\n    \/\/var hr82 = \"HR82\";\n    \/\/var house118th = \"HOUSE_118th\";\n    \/\/var s597 = \"S597\";\n    \/\/var senate118th = \"SENATE_118th\";\n    \/\/var Cosponsors = \"Cosponsors.php\";\n    var conerror_string = \"conerror\";\n    var conerror_space = \"conerror \";\n\n    var PureLetter = \"\";\n\n    $(window).load(function () {\n\n        \/\/$.ajax({\n        \/\/    type: Call_Type,\n        \/\/    url: Call_Path + Cosponsors,\n        \/\/    data: {\n        \/\/        Column: hr82,\n        \/\/        Table: house118th\n        \/\/    },\n        \/\/    success: function (result) {\n        \/\/        result = result.trim();\n\n        \/\/        if (result.indexOf(conerror_string) != -1) {\n        \/\/            check_connerror_show_result(result, Cosponsors);\n        \/\/        }\n        \/\/        else if (result.indexOf(Parse_error) != -1) {\n        \/\/            check_connerror_show_result(result, Cosponsors);\n        \/\/        }\n        \/\/        else if (result.indexOf(Fatal_error) != -1) {\n        \/\/            check_connerror_show_result(result, Cosponsors);\n        \/\/        }\n        \/\/        else if (result.indexOf(Message_space) != -1) {\n        \/\/            result = result.replace(Message_space, \"\");\n        \/\/            check_connerror_show_result(result, Cosponsors);\n        \/\/        }\n        \/\/        else {\n        \/\/            PureLetter = $(\"#Schumer_Letter\").html();\n\n        \/\/            PureLetter = PureLetter.replace(\"XXX\", result);\n\n        \/\/            $(\"#Schumer_Letter\").html(PureLetter);\n\n        \/\/            $.ajax({\n        \/\/                type: Call_Type,\n        \/\/                url: Call_Path + Cosponsors,\n        \/\/                data: {\n        \/\/                    Column: s597,\n        \/\/                    Table: senate118th\n        \/\/                },\n        \/\/                success: function (result_senators) {\n        \/\/                    result_senators = result_senators.trim();\n\n        \/\/                    if (result_senators.indexOf(conerror_string) != -1) {\n        \/\/                        check_connerror_show_result(result_senators, Cosponsors);\n        \/\/                    }\n        \/\/                    else if (result_senators.indexOf(Parse_error) != -1) {\n        \/\/                        check_connerror_show_result(result_senators, Cosponsors);\n        \/\/                    }\n        \/\/                    else if (result_senators.indexOf(Fatal_error) != -1) {\n        \/\/                        check_connerror_show_result(result_senators, Cosponsors);\n        \/\/                    }\n        \/\/                    else if (result_senators.indexOf(Message_space) != -1) {\n        \/\/                        result_senators = result_senators.replace(Message_space, \"\");\n        \/\/                        check_connerror_show_result(result_senators, Cosponsors);\n        \/\/                    }\n        \/\/                    else {\n                                PureLetter = $(\"#Schumer_Letter\").html();\n\n                                \/\/PureLetter = PureLetter.replace(\"YYY\", result_senators);\n\n                                $(\"#Schumer_Letter\").html(PureLetter);\n\n                                $(\"#Remaining_Page\").show();\n\n                                $(\"#CopyAndOpen\").show();\n\n                                $(\"#Instructions\").show();\n    \/\/                        }\n    \/\/                    },\n    \/\/                    error: function (xhr, status, error) {\n    \/\/                        if (error != \"\") {\n    \/\/                            error = hiddennewline + \"<span>\" + error + \"<\/span>\";\n    \/\/                            Show_ConError(error, \"\", \"\");\n    \/\/                        }\n    \/\/                        else if (status == \"error\") {\n    \/\/                            status = xhr.responseText;\n    \/\/                            status = hiddennewline + \"<span>\" + status + \"<\/span>\";\n    \/\/                            Show_ConError(status, \"\", \"\");\n    \/\/                        }\n    \/\/                        else if (status != \"\") {\n    \/\/                            status = hiddennewline + \"<span>\" + status + \"<\/span>\";\n    \/\/                            Show_ConError(status, \"\", \"\");\n    \/\/                        }\n    \/\/                        else if (xhr != \"\") {\n    \/\/                            xhr = hiddennewline + \"<span>\" + xhr + \"<\/span>\";\n    \/\/                            Show_ConError(xhr, \"\", \"\");\n    \/\/                        }\n    \/\/                    }\n    \/\/                });\n    \/\/            }\n    \/\/        },\n    \/\/        error: function (xhr, status, error) {\n    \/\/            if (error != \"\") {\n    \/\/                error = hiddennewline + \"<span>\" + error + \"<\/span>\";\n    \/\/                Show_ConError(error, \"\", \"\");\n    \/\/            }\n    \/\/            else if (status == \"error\") {\n    \/\/                status = xhr.responseText;\n    \/\/                status = hiddennewline + \"<span>\" + status + \"<\/span>\";\n    \/\/                Show_ConError(status, \"\", \"\");\n    \/\/            }\n    \/\/            else if (status != \"\") {\n    \/\/                status = hiddennewline + \"<span>\" + status + \"<\/span>\";\n    \/\/                Show_ConError(status, \"\", \"\");\n    \/\/            }\n    \/\/            else if (xhr != \"\") {\n    \/\/                xhr = hiddennewline + \"<span>\" + xhr + \"<\/span>\";\n    \/\/                Show_ConError(xhr, \"\", \"\");\n    \/\/            }\n    \/\/        }\n    \/\/    });\n    });\n\n    function Show_ConError(error, space, procedurename) {\n        $(\".exception_error_message\").html(error + space + procedurename);\n        $(\".exception_send_error\").show();\n    }\n\n    \/\/function check_connerror_show_result(result, procedurename) {\n    \/\/    result = result.trim();\n    \/\/    if (result.indexOf(conerror_string) == -1) {\n    \/\/        result = result.replace(conerror_space, \"\");\n    \/\/    }\n\n    \/\/    Show_ConError(result, \" \", procedurename);\n    \/\/}\n\n    function addremovename() {\n        $(\".exception_error_message\").html(\"\");\n        $(\".exception_send_error\").hide();\n\n        if ($(\"#personname\").val().trim() != \"\" && $(\"#citytown\").val().trim() != \"\") {\n            var LetterToCopy = PureLetter;\n\n            LetterToCopy = LetterToCopy + \"<br \/><br \/>   \" + $(\"#personname\").val().trim() + \"<br \/>   \" + $(\"#citytown\").val().trim();\n\n            $(\"#Schumer_Letter\").html(LetterToCopy);\n\n            $(\"#Sing_Space\").hide();\n\n            $(\"#personnameerror\").hide();\n\n            $(\"#citytownerror\").hide();\n\n            $(\".No_Name_Space\").show();\n        }\n        else {\n            $(\"#Schumer_Letter\").html(PureLetter);\n\n            $(\"#Sing_Space\").show();\n        }\n    }\n\n    $(document).on('mouseover', '#CopyAndOpenSchumer', function () {\n        $(\"#CopyAndOpenSchumer\").css(\"background-color\", \"#CB1407\");\n\n        addremovename();\n    });\n\n    $(document).on('mouseout', '#CopyAndOpenSchumer', function () {\n        $(\"#CopyAndOpenSchumer\").css(\"background-color\", \"#61CE70\");\n    });\n\n    $(document).on('mouseover', '#Instructions', function () {\n        addremovename();\n    });\n\n    $(document).on('click', '#CopyAndOpenSchumer', function () {\n        $(\"#EmptyLetter\").hide();\n        $(\"#personnameerror\").hide();\n        $(\"#citytownerror\").hide();\n        $(\".No_Name_Space\").show();\n\n        var personname = $(\"#personname\").val();\n\n        var citytown = $(\"#citytown\").val();\n\n        personname = personname.trim();\n\n        citytown = citytown.trim();\n\n        if (personname != \"\" && citytown != \"\") {\n            var LetterToCopy = preparelettertocopy();\n\n            if (LetterToCopy != \"\") {\n                var temp = $(\"<input>\");\n                $(\"body\").append(temp);\n                temp.val(LetterToCopy).select();\n                document.execCommand(\"copy\");\n                temp.remove();\n\n                opennewpage();\n\n                var subject = \" Letter to Senator Schumer\";\n\n                var emailperson = \"\";\n\n                var actiontype = subject;\n\n                $.ajax({\n                    type: Call_Type,\n                    url: Call_Path + 'Confirm_Email_Sent.php',\n                    data: {\n                        ActionType: actiontype,\n                        Subject: subject,\n                        PersonName: personname,\n                        EmailPerson: emailperson\n                    },\n                    success: function (result) {\n\n                        result = result.trim();\n\n                        if (result.indexOf(\"wrong person email\") != -1) {\n                            $(\".personemailerror\").show();\n                        }\n                        else if (result.indexOf(Message_space) != -1) {\n                            result = result.replace(Message_space, \"\");\n                            result = hiddennewline + \"<span>\" + result + \"<\/span>\";\n                            Show_ConError(result, \"\", \"\");\n                        }\n                        else if (result.indexOf(\"conerror\") != -1) {\n                            result = result.replace(\"conerror \", \"\");\n                            if (result.indexOf(\"noconnection\") == -1) {\n                                var resultpolish = result;\n                                result = result.replace(\"noconnection\", \"No Connection With Database\")\n                                $(\".inserterrorsendemailenglish\").html(result);\n                                resultpolish = resultpolish.replace(\"noconnection\", \"Brak po\u0142\u0105czenia z Baz\u0105 Danych\");\n                                $(\".inserterrorsendemailpolish\").html(resultpolish);\n                            }\n                            else {\n                                $(\".inserterrorsendemailenglish\").html(result);\n                                if (result.indexOf(\"inserting\") != -1) {\n                                    result = result.replace(\"Error in inserting\", \"B\u0142\u0105d przy wprowadzaniu\");\n                                    result = result.replace(\"to\", \"do\");\n                                    result = result.replace(\"and\", \"i\");\n                                }\n                                $(\".inserterrorsendemailpolish\").html(result);\n                            }\n                            $(\".inserterrorsendemail\").show();\n                        }\n                        else if (result.indexOf(\"good\") != -1) {\n                            $(\".personemailerror\").hide();\n                        }\n                        else if (result.indexOf(Parse_error) != -1 || result.indexOf(Fatal_error) != -1) {\n                            result = hiddennewline + \"<span>\" + result + \"<\/span>\";\n                            Show_ConError(result, \"\", \"\");\n                        }\n                    },\n                    error: function (xhr, status, error) {\n\n                        if (error != \"\") {\n                            error = hiddennewline + \"<span>\" + error + \"<\/span>\";\n                            Show_ConError(error, \"\", \"\");\n                        }\n                        else if (status == \"error\") {\n                            status = xhr.responseText;\n                            status = hiddennewline + \"<span>\" + status + \"<\/span>\";\n                            Show_ConError(status, \"\", \"\");\n                        }\n                        else if (status != \"\") {\n                            status = hiddennewline + \"<span>\" + status + \"<\/span>\";\n                            Show_ConError(status, \"\", \"\");\n                        }\n                        else if (xhr != \"\") {\n                            xhr = hiddennewline + \"<span>\" + xhr + \"<\/span>\";\n                            Show_ConError(xhr, \"\", \"\");\n                        }\n                    }\n                });\n            }\n            else {\n                $(\"#EmptyLetter\").show();\n            }\n        }\n        else {\n            if (personname == \"\") {\n                $(\"#personnameerror\").show();\n            }\n\n            if (citytown == \"\") {\n                $(\"#citytownerror\").show();\n            }\n\n            $(\".No_Name_Space\").hide();\n        }\n    });\n\n    function preparelettertocopy() {\n        var LetterToCopy = $(\"#Schumer_Letter\").html();\n\n        while (LetterToCopy.indexOf(\"<br><br>\") != -1) {\n            LetterToCopy = LetterToCopy.replace(\"<br><br>\", \"\");\n        }\n\n        while (LetterToCopy.indexOf(\"<br>\") != -1) {\n            LetterToCopy = LetterToCopy.replace(\"<br>\", \"\");\n        }\n\n        while (LetterToCopy.indexOf(\"<b>\") != -1) {\n            LetterToCopy = LetterToCopy.replace(\"<b>\", \"\");\n        }\n\n        while (LetterToCopy.indexOf(\"<\/b>\") != -1) {\n            LetterToCopy = LetterToCopy.replace(\"<\/b>\", \"\");\n        }\n\n\n        return LetterToCopy;\n    }\n\n    function opennewpage() {\n        var url = \"https:\/\/www.schumer.senate.gov\/contact\/message-chuck?fbclid=IwY2xjawFS4thleHRuA2FlbQIxMAABHQxhltrpHKEnNDYLKLTqO4PPSUkLPWo1OA-vsLeU8mSk4_ZCTCoNVG5R8g_aem_ZkwcTu3ax_Yr4PFmLE5uHw\";\n\n        var win = window.open(url);\n\n        if (win) {\n            win.focus();\n        }\n    }<\/script>\n\t\t<\/div>\n\t\t\t\t<\/div>\n\t\t\t\t\t<\/div>\n\t\t<\/div>\n\t\t\t\t\t\t\t<\/div>\n\t\t<\/section>\n\t\t\t\t\t\t\t<\/div>\n\t\t","protected":false},"excerpt":{"rendered":"<p>ASK SENATOR SCHUMER TO URGE CONGRESS TO BRING S.597 FORWARD POPRO\u015a SENATORA SCHUMERA , ABY PODDA\u0141 S. 597 POD G\u0141OSOWANIE House Passed HR 82 with an Historic 327 votes in Favor \u2013 Please Bring Companion Bill S. 597 to the Senate Floor for a Vote as soon as possible Dear Senate Majority Leader Schumer, Thank &hellip;<\/p>\n<p class=\"read-more\"> <a class=\"\" href=\"https:\/\/joinpasidev.org\/index.php\/schumer_letter\/\"> <span class=\"screen-reader-text\">Schumer_Letter<\/span> Read More \u00bb<\/a><\/p>\n","protected":false},"author":261,"featured_media":0,"parent":0,"menu_order":0,"comment_status":"closed","ping_status":"closed","template":"","meta":{"site-sidebar-layout":"no-sidebar","site-content-layout":"page-builder","ast-main-header-display":"","ast-hfb-above-header-display":"","ast-hfb-below-header-display":"","ast-hfb-mobile-header-display":"","site-post-title":"disabled","ast-breadcrumbs-content":"","ast-featured-img":"disabled","footer-sml-layout":"","theme-transparent-header-meta":"","adv-header-id-meta":"","stick-header-meta":"","header-above-stick-meta":"","header-main-stick-meta":"","header-below-stick-meta":"","footnotes":""},"_links":{"self":[{"href":"https:\/\/joinpasidev.org\/index.php\/wp-json\/wp\/v2\/pages\/9535"}],"collection":[{"href":"https:\/\/joinpasidev.org\/index.php\/wp-json\/wp\/v2\/pages"}],"about":[{"href":"https:\/\/joinpasidev.org\/index.php\/wp-json\/wp\/v2\/types\/page"}],"author":[{"embeddable":true,"href":"https:\/\/joinpasidev.org\/index.php\/wp-json\/wp\/v2\/users\/261"}],"replies":[{"embeddable":true,"href":"https:\/\/joinpasidev.org\/index.php\/wp-json\/wp\/v2\/comments?post=9535"}],"version-history":[{"count":0,"href":"https:\/\/joinpasidev.org\/index.php\/wp-json\/wp\/v2\/pages\/9535\/revisions"}],"wp:attachment":[{"href":"https:\/\/joinpasidev.org\/index.php\/wp-json\/wp\/v2\/media?parent=9535"}],"curies":[{"name":"wp","href":"https:\/\/api.w.org\/{rel}","templated":true}]}}